{"id":53,"date":"2016-09-03T15:47:25","date_gmt":"2016-09-03T15:47:25","guid":{"rendered":"http:\/\/www.amour-perdu.net\/?page_id=53"},"modified":"2022-09-04T15:39:57","modified_gmt":"2022-09-04T15:39:57","slug":"retrouver-son-ex-des-conseils","status":"publish","type":"page","link":"https:\/\/amour-perdu.net\/index.php\/retrouver-son-ex-des-conseils\/","title":{"rendered":"Retrouver son ex avec la voyance amour, des conseils de m\u00e9diums"},"content":{"rendered":"<p>Dans une relation amoureuse, il est tout \u00e0 fait normal que l\u2019on se retrouve face \u00e0 des situations difficiles qui nous am\u00e8nent vers la voie de la s\u00e9paration ou du divorce. Diverses causes peuvent \u00eatre prises en compte pour nous amener \u00e0 cette option parfois difficile \u00e0 accepter. Quand vient le moment o\u00f9 l\u2019on ressent le sentiment de vouloir <a href=\"http:\/\/www.amour-perdu.net\">retrouver son ex<\/a>, son ancien partenaire ou son ancien conjoint, la voyance se trouve \u00eatre la meilleure opportunit\u00e9 capable de nous fournir des solutions int\u00e9ressantes.<\/p>\n<h2>La voyance amoureuse au secours d\u2019une relation qui s\u2019est mal finie<\/h2>\n<p>Vivre une relation sentimentale ne signifie pas du tout que c\u2019est le bonheur total. En effet, il arrive que dans une vie amoureuse, des situations f\u00e2cheuses puissent survenir pour nous amener \u00e0 prendre des d\u00e9cisions extr\u00eames. L\u2019infid\u00e9lit\u00e9, l\u2019incompatibilit\u00e9 amoureuse ou d\u2019autres raisons sont autant de causes qui peuvent g\u00e9n\u00e9rer la s\u00e9paration d\u2019un couple. Bien des ann\u00e9es plus tard, il se peut que nous \u00e9prouvions des regrets de nous \u00eatre s\u00e9par\u00e9s avec l\u2019\u00e9lu de notre c\u0153ur. C\u2019est l\u00e0 que l\u2019envie de retrouver son ex arrive \u00e0 nous obs\u00e9der et nous incite \u00e0 nous tourner vers les m\u00e9diums et les sites de voyance amoureuse en ligne. En adoptant cette voie utilisant des techniques dites paranormales, nous pouvons nous assurer d\u2019une prestation divinatoire capable d\u2019aider n\u2019importe qui \u00e0 retrouver son ex.<\/p>\n<h2>Les diff\u00e9rentes sortes de voyance amoureuse pour retrouver son ex<\/h2>\n<p><img loading=\"lazy\" decoding=\"async\" class=\"alignleft size-full wp-image-62\" src=\"http:\/\/www.amour-perdu.net\/wp-content\/uploads\/2016\/09\/Comment-Retrouver-son-ex.jpg\" alt=\"Retrouver son ex\" width=\"416\" height=\"274\" \/>Que vous vous soyez s\u00e9par\u00e9s de votre premier amour ou que vous ayez d\u00fb survivre \u00e0 un douloureux divorce, l\u2019art divinatoire et la voyance amour peuvent vous aider \u00e0 renouer votre relation amoureuse. Afin que l\u2019on puisse retrouver son ex, la voyance dispose de diff\u00e9rentes sortes de m\u00e9thodes et de consultation qui peuvent nous aider en ce sens. Suivant les outils utilis\u00e9s en tant que support de pr\u00e9dictions, nous avons de nombreux choix sur le type de voyance qui peut nous fournir des \u00e9claircissements sur notre situation amoureuse. Les cartes de tarot, les dates de naissance, les astres sont autant d\u2019\u00e9l\u00e9ments qui peuvent \u00eatre exploit\u00e9s par le m\u00e9dium afin d\u2019aider toute personne d\u00e9sirant retrouver son ex. C\u2019est ainsi que nous avons droit \u00e0 une lecture de notre date de naissance, de notre signe zodiacal ou \u00e0 un tirage de tarot amoureux qui nous pr\u00e9dit de quelle mani\u00e8re et \u00e0 quel moment il nous est possible de nous remettre avec notre ancien conjoint.<\/p>\n<h3>La voyance gratuite amour perdu peut-elle vraiment nous aider \u00e0 renouer une relation\u2009?<\/h3>\n<p><iframe loading=\"lazy\" src=\"https:\/\/www.youtube.com\/embed\/smBjoo-K5-c\" width=\"560\" height=\"315\" frameborder=\"0\" allowfullscreen=\"allowfullscreen\"><\/iframe><br \/>\nChaque personne poss\u00e8de sa propre croyance mais en ce qui concerne la voyance, il n\u2019est pas du tout question de foi car seul le r\u00e9sultat compte. Une voyance efficace en laquelle on peut avoir confiance est celle qui fournit des pr\u00e9dictions exactes et pr\u00e9cises. Si on veut r\u00e9ellement retrouver son ex, il existe des m\u00e9diums sp\u00e9cialistes dans le domaine capables de proposer des consultations s\u00e9rieuses. Afin de s\u2019assurer sur l\u2019efficacit\u00e9 d\u2019une voyance amoureuse, il faut s\u2019enqu\u00e9rir des r\u00e9sultats du m\u00e9dium par le biais du bouche-\u00e0-oreille ou d\u2019autres moyens plus s\u00fbrs. Aider quelqu\u2019un \u00e0 retrouver son ex n\u2019est pas une chose ais\u00e9e et pour ce faire, il est bon de recourir aux services d\u2019un m\u00e9dium ou d\u2019un site enti\u00e8rement exp\u00e9riment\u00e9 dans ce domaine.<\/p>\n","protected":false},"excerpt":{"rendered":"<p>Dans une relation amoureuse, il est tout \u00e0 fait normal que l\u2019on se retrouve face \u00e0 des situations difficiles qui nous am\u00e8nent vers la voie de la s\u00e9paration ou du&hellip; <\/p>\n","protected":false},"author":2,"featured_media":0,"parent":0,"menu_order":0,"comment_status":"closed","ping_status":"closed","template":"","meta":{"footnotes":""},"class_list":["post-53","page","type-page","status-publish","hentry"],"_links":{"self":[{"href":"https:\/\/amour-perdu.net\/index.php\/wp-json\/wp\/v2\/pages\/53","targetHints":{"allow":["GET"]}}],"collection":[{"href":"https:\/\/amour-perdu.net\/index.php\/wp-json\/wp\/v2\/pages"}],"about":[{"href":"https:\/\/amour-perdu.net\/index.php\/wp-json\/wp\/v2\/types\/page"}],"author":[{"embeddable":true,"href":"https:\/\/amour-perdu.net\/index.php\/wp-json\/wp\/v2\/users\/2"}],"replies":[{"embeddable":true,"href":"https:\/\/amour-perdu.net\/index.php\/wp-json\/wp\/v2\/comments?post=53"}],"version-history":[{"count":1,"href":"https:\/\/amour-perdu.net\/index.php\/wp-json\/wp\/v2\/pages\/53\/revisions"}],"predecessor-version":[{"id":1042,"href":"https:\/\/amour-perdu.net\/index.php\/wp-json\/wp\/v2\/pages\/53\/revisions\/1042"}],"wp:attachment":[{"href":"https:\/\/amour-perdu.net\/index.php\/wp-json\/wp\/v2\/media?parent=53"}],"curies":[{"name":"wp","href":"https:\/\/api.w.org\/{rel}","templated":true}]}}