{"id":654,"date":"2020-11-13T15:07:32","date_gmt":"2020-11-13T15:07:32","guid":{"rendered":"https:\/\/amour-perdu.net\/?page_id=654"},"modified":"2021-07-02T16:43:15","modified_gmt":"2021-07-02T16:43:15","slug":"politique-de-confidentialite","status":"publish","type":"page","link":"https:\/\/amour-perdu.net\/index.php\/politique-de-confidentialite\/","title":{"rendered":"Politique de Confidentialit\u00e9"},"content":{"rendered":"<p>Politique de confidentialit\u00e9 pour notre site Amour-Perdu.net<\/p>\n<p>Si vous avez besoin de plus d\u2019informations ou avez des questions concernant notre politique de confidentialit\u00e9 , SVP n\u2019h\u00e9sitez pas \u00e0 nous contacter par courriel \u00e0 l\u2019adresse admin@Amour-Perdu.net<\/p>\n<p>Sue le site Amour-Perdu.net, la vie priv\u00e9e de nos visiteurs est d\u2019une extr\u00eame importance pour nous. Ce document de politique de confidentialit\u00e9 d\u00e9crit les types de renseignements personnels est re\u00e7ue et per\u00e7ue par notre site et comment ils sont utilis\u00e9s.<\/p>\n<h2>Fichiers journaux<\/h2>\n<p>Comme beaucoup d\u2019autres sites Web , Amour-Perdu.net fait usage de fichiers de log. Les informations dans les fichiers journaux comprend le protocole internet (IP) , le type de navigateur , Internet Service Provider (ISP ) , date \/ heure , faisant r\u00e9f\u00e9rence \/ pages de sortie , et le nombre de clics pour analyser les tendances , administrer le site , le mouvement de l\u2019utilisateur piste autour du site , et recueillir des informations d\u00e9mographiques . Adresses IP , et d\u2019autres informations ne sont pas li\u00e9es \u00e0 des informations qui sont personnellement identifiables .<\/p>\n<h2>Cookies et balises Web<\/h2>\n<p>Le site Amour-Perdu.net n\u2019utilise pas de cookies .<\/p>\n<p><strong>Cookie DoubleClick DART<\/strong><br \/>\n\u2013 Google, comme un partenaire tiers , utilise des cookies pour diffuser des annonces sur Amour-Perdu.net<br \/>\n\u2013 L\u2019utilisation par Google du cookie DART lui permet de diffuser des annonces aux utilisateurs en fonction de leur visite \u00e0 Amour-Perdu.net et d\u2019autres sites sur Internet .<br \/>\n-Les utilisateurs peuvent d\u00e9sactiver l\u2019utilisation du cookie DART en visitant les annonces et le contenu politique de confidentialit\u00e9 du r\u00e9seau Google \u00e0 l\u2019adresse suivante \u2013 https:\/\/www.google.com\/privacy_ads.html<br \/>\nCertains de nos partenaires publicitaires peuvent utiliser des cookies et balises Web sur notre site . Nos partenaires en publicit\u00e9 comprennent Google Adsense<\/p>\n<p>Ces serveurs publicitaires tiers ou r\u00e9seaux publicitaires utilisent la technologie pour les publicit\u00e9s et les liens qui apparaissent sur le site Amour-Perdu.net envoyer directement \u00e0 votre navigateur . Ils re\u00e7oivent automatiquement votre adresse IP lorsque cela se produit . D\u2019autres technologies ( comme les cookies , JavaScript , ou balises Web ) peuvent \u00e9galement \u00eatre utilis\u00e9s par les r\u00e9seaux publicitaires tiers pour mesurer l\u2019efficacit\u00e9 de leurs publicit\u00e9s et \/ ou de personnaliser les contenus publicitaires que vous voyez .<\/p>\n<h3>Notre site n\u2019a pas acc\u00e8s ou contr\u00f4le sur ces cookies qui sont utilis\u00e9s par des annonceurs tiers<\/h3>\n<p>Vous devriez consulter les politiques de confidentialit\u00e9 respectives de ces serveurs publicitaires tiers pour des informations plus d\u00e9taill\u00e9es sur leurs pratiques ainsi que pour obtenir des instructions sur la fa\u00e7on d\u2019 opt-out de certaines pratiques . la politique de confidentialit\u00e9 de Amour-Perdu.net ne s\u2019applique pas \u00e0 , et nous ne pouvons pas contr\u00f4ler les activit\u00e9s de ces annonceurs ou sites Web .<br \/>\nSi vous souhaitez d\u00e9sactiver les cookies , vous pouvez le faire \u00e0 travers vos options de navigation individuelle . Des informations plus d\u00e9taill\u00e9es sur la gestion des cookies avec des navigateurs Web peuvent \u00eatre trouv\u00e9s sur les sites des navigateurs respectifs .<\/p>\n","protected":false},"excerpt":{"rendered":"<p>Politique de confidentialit\u00e9 pour notre site Amour-Perdu.net Si vous avez besoin de plus d\u2019informations ou avez des questions concernant notre politique de confidentialit\u00e9 , SVP n\u2019h\u00e9sitez pas \u00e0 nous contacter&hellip; <\/p>\n","protected":false},"author":3,"featured_media":0,"parent":0,"menu_order":0,"comment_status":"closed","ping_status":"closed","template":"","meta":{"footnotes":""},"class_list":["post-654","page","type-page","status-publish","hentry"],"_links":{"self":[{"href":"https:\/\/amour-perdu.net\/index.php\/wp-json\/wp\/v2\/pages\/654","targetHints":{"allow":["GET"]}}],"collection":[{"href":"https:\/\/amour-perdu.net\/index.php\/wp-json\/wp\/v2\/pages"}],"about":[{"href":"https:\/\/amour-perdu.net\/index.php\/wp-json\/wp\/v2\/types\/page"}],"author":[{"embeddable":true,"href":"https:\/\/amour-perdu.net\/index.php\/wp-json\/wp\/v2\/users\/3"}],"replies":[{"embeddable":true,"href":"https:\/\/amour-perdu.net\/index.php\/wp-json\/wp\/v2\/comments?post=654"}],"version-history":[{"count":1,"href":"https:\/\/amour-perdu.net\/index.php\/wp-json\/wp\/v2\/pages\/654\/revisions"}],"predecessor-version":[{"id":870,"href":"https:\/\/amour-perdu.net\/index.php\/wp-json\/wp\/v2\/pages\/654\/revisions\/870"}],"wp:attachment":[{"href":"https:\/\/amour-perdu.net\/index.php\/wp-json\/wp\/v2\/media?parent=654"}],"curies":[{"name":"wp","href":"https:\/\/api.w.org\/{rel}","templated":true}]}}