{"id":66,"date":"2016-09-07T13:06:43","date_gmt":"2016-09-07T13:06:43","guid":{"rendered":"http:\/\/www.amour-perdu.net\/?p=66"},"modified":"2022-09-04T15:39:12","modified_gmt":"2022-09-04T15:39:12","slug":"cartomancie-gratuite-immediate","status":"publish","type":"page","link":"https:\/\/amour-perdu.net\/index.php\/cartomancie-gratuite-immediate\/","title":{"rendered":"Cartomancie gratuite imm\u00e9diate s\u00e9rieuse en ligne"},"content":{"rendered":"<p>Aborder la cartomancie gratuite imm\u00e9diate \u00e0 un d\u00e9butant est plut\u00f4t difficile car les croyances sont vari\u00e9es d\u2019un lieu \u00e0 un autre. Quand on est seul, soit on s\u2019engage \u00e0 fond pour \u00eatre autonome et vivre suivant le courant de la vie, soit on reste mixte et \u00e9couter ou prendre les avis de son entourage tout en \u00e9tant libre-arbitre sur ses propres d\u00e9cisions. Ces deux repr\u00e9sentations prouvent une vocation sur comment contr\u00f4ler son sort. Heureusement que le destin n\u2019est pas grav\u00e9 sur une roche, et chacun a le droit de dessiner et d\u2019avoir des projets dans l\u2019avenir.<\/p>\n<h2>La cartomancie gratuite imm\u00e9diate ou les pr\u00e9dictions avec les cartes<\/h2>\n<p><img loading=\"lazy\" decoding=\"async\" class=\"aligncenter size-full wp-image-734\" src=\"https:\/\/amour-perdu.net\/wp-content\/uploads\/2016\/09\/Cartomancie-gratuite-amour-1.png\" alt=\"Cartomancie amour\" width=\"600\" height=\"450\" srcset=\"https:\/\/amour-perdu.net\/wp-content\/uploads\/2016\/09\/Cartomancie-gratuite-amour-1.png 600w, https:\/\/amour-perdu.net\/wp-content\/uploads\/2016\/09\/Cartomancie-gratuite-amour-1-300x225.png 300w\" sizes=\"auto, (max-width: 600px) 100vw, 600px\" \/>Si on se trouve dans une position o\u00f9 demander conseils \u00e0 une personne de l\u2019ext\u00e9rieur est tr\u00e8s important, il se peut que les cabinets de voyance en ligne soient les bons endroits afin de contacter un voyant. Quelque soit les questions, un voyant sait traiter le sujet et est la personne id\u00e9ale \u00e0 qui confier ses soucis sans crainte de subir une intimidation. Une consultation de <strong>cartomancie gratuite imm\u00e9diate<\/strong> est donc une opportunit\u00e9 afin de s\u2019accoutumer avec les cartes et d\u2019obtenir les messages adress\u00e9s \u00e0 son compte. La <a href=\"https:\/\/amour-perdu.net\/index.php\/cartomancie-amour\/\">cartomancie amour<\/a> est faites pour vous parler de votre avenir amour.<\/p>\n<h2>Cartomancie en ligne : Un des arts qui aide \u00e0 pr\u00e9dire l\u2019avenir<\/h2>\n<p>La cartomancie en ligne , le nouvel aspect de la voyance traditionnelle, dont nous avons une notion sur son historique et sa pratique dans le monde, est incluse dans l\u2019art divinatoire et \u00e9sot\u00e9rique. Elle est une discipline ind\u00e9pendante, ayant le pouvoir de tracer et de r\u00e9v\u00e9ler l\u2019avenir. Ce qui la distingue, c\u2019est qu\u2019elle est aussi un outil efficace afin d\u2019avoir une r\u00e9ponse pr\u00e9cise \u00e0 une interrogation claire et sp\u00e9ciale. Le r\u00e9sultat est prouv\u00e9 par les commentaires laiss\u00e9s par les utilisateurs des sites qui proposent ce service. La cartomancie regroupe l\u2019usage des diff\u00e9rents jeux de cartes divinatoires. L\u2019interpr\u00e9tation du <a href=\"https:\/\/www.pinterest.fr\/pin\/637540890970729015\/\" target=\"_blank\" rel=\"noopener\">tirage de tarot amour divinatoire<\/a>, de runes d\u2019oracles permet d\u2019\u00e9clairer les soucis et de profiter du savoir-faire du technicien en cartomancie pour faire la connaissance du futur.<\/p>\n<h3>Les cartes de tarot divinatoire en ligne<\/h3>\n<p>Plus qu\u2019un simple tour de magie, le tarot divinatoire est tout un art comme la <a href=\"http:\/\/www.cartomanciegratuiteimmediate.org\/\" target=\"_blank\" rel=\"noopener\">cartomancie gratuite imm\u00e9diate live et voyance s\u00e9rieuse en direct<\/a>. Un art qui prend naissance au quinzi\u00e8me si\u00e8cle et qui ne cesse de conna\u00eetre des am\u00e9liorations. Les premi\u00e8res formes de tarot n\u2019existent plus de nos jours. Le tarot qui autrefois se faisait uniquement avec des cartes, et en pr\u00e9sence de quatre personnes au moins, peut se faire aujourd\u2019hui en ligne. La voyance en ligne ne b\u00e9n\u00e9ficie pas que la cr\u00e9ation du tarot. Elle peut se vanter d\u2019avoir rendu cet art d\u2019origine italienne populaire.<\/p>\n<p>&nbsp;<\/p>\n<p>Gr\u00e2ce \u00e0 la voyance en ligne, le tarot peut se jouer directement sur des sites internet. Le pr\u00e9sent <a href=\"https:\/\/amour-perdu.net\/\">site de voyance gratuite amour perdu<\/a> en est une preuve palpable. Essayez d\u00e8s maintenant le tarot amour disponible et d\u00e9couvrez toutes les surprises que vous r\u00e9servent les dieux de l\u2019amour. La voyance en ligne permet de conna\u00eetre un certain nombre de choses. Prendre de l\u2019avance sur les \u00e9v\u00e8nements est sans doute b\u00e9n\u00e9fique pour l\u2019homme. L\u2019avenir appartiendrait \u00e0 ceux qui vont se lever t\u00f4t. Levez-vous t\u00f4t, et allez \u00e0 la rencontre de votre avenir. Il n\u2019y a aucun risque li\u00e9 \u00e0 l\u2019utilisation des services de <a href=\"http:\/\/www.cartomanciegratuite.org\/\" target=\"_blank\" rel=\"noopener\">cartomancie gratuite imm\u00e9diate ligne: des r\u00e9ponses \u00e0 vos questions<\/a>. Que vous l\u2019acceptiez ou non, votre destin viendra \u00e0 vous. Autant vous pr\u00e9parer en cons\u00e9quence gr\u00e2ce aux merveilles de la voyance en ligne.<\/p>\n","protected":false},"excerpt":{"rendered":"<p>Aborder la cartomancie gratuite imm\u00e9diate \u00e0 un d\u00e9butant est plut\u00f4t difficile car les croyances sont vari\u00e9es d\u2019un lieu \u00e0 un autre. Quand on est seul, soit on s\u2019engage \u00e0 fond&hellip; <\/p>\n","protected":false},"author":2,"featured_media":736,"parent":0,"menu_order":0,"comment_status":"closed","ping_status":"open","template":"","meta":{"footnotes":""},"class_list":["post-66","page","type-page","status-publish","has-post-thumbnail","hentry"],"_links":{"self":[{"href":"https:\/\/amour-perdu.net\/index.php\/wp-json\/wp\/v2\/pages\/66","targetHints":{"allow":["GET"]}}],"collection":[{"href":"https:\/\/amour-perdu.net\/index.php\/wp-json\/wp\/v2\/pages"}],"about":[{"href":"https:\/\/amour-perdu.net\/index.php\/wp-json\/wp\/v2\/types\/page"}],"author":[{"embeddable":true,"href":"https:\/\/amour-perdu.net\/index.php\/wp-json\/wp\/v2\/users\/2"}],"replies":[{"embeddable":true,"href":"https:\/\/amour-perdu.net\/index.php\/wp-json\/wp\/v2\/comments?post=66"}],"version-history":[{"count":14,"href":"https:\/\/amour-perdu.net\/index.php\/wp-json\/wp\/v2\/pages\/66\/revisions"}],"predecessor-version":[{"id":1019,"href":"https:\/\/amour-perdu.net\/index.php\/wp-json\/wp\/v2\/pages\/66\/revisions\/1019"}],"wp:featuredmedia":[{"embeddable":true,"href":"https:\/\/amour-perdu.net\/index.php\/wp-json\/wp\/v2\/media\/736"}],"wp:attachment":[{"href":"https:\/\/amour-perdu.net\/index.php\/wp-json\/wp\/v2\/media?parent=66"}],"curies":[{"name":"wp","href":"https:\/\/api.w.org\/{rel}","templated":true}]}}